{"id":1127,"date":"2023-08-12T19:50:27","date_gmt":"2023-08-12T19:50:27","guid":{"rendered":"http:\/\/wp2.imithemes.com\/born-to-give\/?page_id=1127"},"modified":"2025-09-30T14:20:44","modified_gmt":"2025-09-30T14:20:44","slug":"home4","status":"publish","type":"page","link":"https:\/\/apoyosolidarioeg.com\/es\/","title":{"rendered":"Home4"},"content":{"rendered":"<div class=\"wpb-content-wrapper\"><div class=\"vc_row wpb_row vc_row-fluid\"><div class=\"wpb_column vc_column_container vc_col-sm-3\"><div class=\"vc_column-inner\"><div class=\"wpb_wrapper\"><\/div><\/div><\/div><div class=\"wpb_column vc_column_container vc_col-sm-6\"><div class=\"vc_column-inner\"><div class=\"wpb_wrapper\">\n\t<div class=\"wpb_text_column wpb_content_element\" >\n\t\t<div class=\"wpb_wrapper\">\n\t\t\t<h2 style=\"text-align: center;\">Somos una organizaci\u00f3n internacional de recaudaci\u00f3n de fondos que trabaja para abordar grandes problemas globales. \u00danete a nosotros para aportar tu granito de arena; tu peque\u00f1a contribuci\u00f3n puede marcar una gran diferencia.<\/h2>\n\n\t\t<\/div>\n\t<\/div>\n<div class=\"vc_empty_space\"   style=\"height: 32px\"><span class=\"vc_empty_space_inner\"><\/span><\/div><\/div><\/div><\/div><div class=\"wpb_column vc_column_container vc_col-sm-3\"><div class=\"vc_column-inner\"><div class=\"wpb_wrapper\"><\/div><\/div><\/div><\/div><div class=\"vc_row wpb_row vc_row-fluid\"><div class=\"wpb_column vc_column_container vc_col-sm-4\"><div class=\"vc_column-inner\"><div class=\"wpb_wrapper\">\n\t<div  class=\"wpb_single_image wpb_content_element vc_align_left wpb_content_element wpb_animate_when_almost_visible wpb_bottom-to-top bottom-to-top  margin-0\">\n\t\t\n\t\t<figure class=\"wpb_wrapper vc_figure\">\n\t\t\t<div class=\"vc_single_image-wrapper vc_box_shadow_3d  vc_box_border_grey\"><img loading=\"lazy\" decoding=\"async\" width=\"800\" height=\"600\" src=\"https:\/\/apoyosolidarioeg.com\/wp-content\/uploads\/2018\/08\/img-post46.jpg\" class=\"vc_single_image-img attachment-full\" alt=\"\" title=\"img-post46\" srcset=\"https:\/\/apoyosolidarioeg.com\/wp-content\/uploads\/2018\/08\/img-post46.jpg 800w, https:\/\/apoyosolidarioeg.com\/wp-content\/uploads\/2018\/08\/img-post46-242x182.jpg 242w, https:\/\/apoyosolidarioeg.com\/wp-content\/uploads\/2018\/08\/img-post46-660x495.jpg 660w, https:\/\/apoyosolidarioeg.com\/wp-content\/uploads\/2018\/08\/img-post46-300x225.jpg 300w, https:\/\/apoyosolidarioeg.com\/wp-content\/uploads\/2018\/08\/img-post46-768x576.jpg 768w\"  sizes=\"(max-width: 800px) 100vw, 800px\" \/><\/div>\n\t\t<\/figure>\n\t<\/div>\n\n\t<div class=\"wpb_text_column wpb_content_element\" >\n\t\t<div class=\"wpb_wrapper\">\n\t\t\t<p class=\"accent-color\" style=\"text-align: center;\"><strong>INTERNATIONAL<\/strong> PARTNER PROGRAM<\/p>\n\n\t\t<\/div>\n\t<\/div>\n<\/div><\/div><\/div><div class=\"wpb_column vc_column_container vc_col-sm-4\"><div class=\"vc_column-inner\"><div class=\"wpb_wrapper\">\n\t<div  class=\"wpb_single_image wpb_content_element vc_align_left wpb_content_element wpb_animate_when_almost_visible wpb_bottom-to-top bottom-to-top  margin-0\">\n\t\t\n\t\t<figure class=\"wpb_wrapper vc_figure\">\n\t\t\t<div class=\"vc_single_image-wrapper vc_box_shadow_3d  vc_box_border_grey\"><img loading=\"lazy\" decoding=\"async\" width=\"800\" height=\"600\" src=\"https:\/\/apoyosolidarioeg.com\/wp-content\/uploads\/2018\/08\/img-post47.jpg\" class=\"vc_single_image-img attachment-full\" alt=\"\" title=\"img-post47\" srcset=\"https:\/\/apoyosolidarioeg.com\/wp-content\/uploads\/2018\/08\/img-post47.jpg 800w, https:\/\/apoyosolidarioeg.com\/wp-content\/uploads\/2018\/08\/img-post47-242x182.jpg 242w, https:\/\/apoyosolidarioeg.com\/wp-content\/uploads\/2018\/08\/img-post47-660x495.jpg 660w, https:\/\/apoyosolidarioeg.com\/wp-content\/uploads\/2018\/08\/img-post47-300x225.jpg 300w, https:\/\/apoyosolidarioeg.com\/wp-content\/uploads\/2018\/08\/img-post47-768x576.jpg 768w\"  sizes=\"(max-width: 800px) 100vw, 800px\" \/><\/div>\n\t\t<\/figure>\n\t<\/div>\n\n\t<div class=\"wpb_text_column wpb_content_element\" >\n\t\t<div class=\"wpb_wrapper\">\n\t\t\t<p class=\"accent-color\" style=\"text-align: center;\"><strong>HAPPINESS<\/strong> IS THE PRIMARY MOTTO<\/p>\n\n\t\t<\/div>\n\t<\/div>\n<\/div><\/div><\/div><div class=\"wpb_column vc_column_container vc_col-sm-4\"><div class=\"vc_column-inner\"><div class=\"wpb_wrapper\">\n\t<div  class=\"wpb_single_image wpb_content_element vc_align_left wpb_content_element wpb_animate_when_almost_visible wpb_bottom-to-top bottom-to-top  margin-0\">\n\t\t\n\t\t<figure class=\"wpb_wrapper vc_figure\">\n\t\t\t<div class=\"vc_single_image-wrapper vc_box_shadow_3d  vc_box_border_grey\"><img loading=\"lazy\" decoding=\"async\" width=\"800\" height=\"600\" src=\"https:\/\/apoyosolidarioeg.com\/wp-content\/uploads\/2018\/08\/img-post48.jpg\" class=\"vc_single_image-img attachment-full\" alt=\"\" title=\"img-post48\" srcset=\"https:\/\/apoyosolidarioeg.com\/wp-content\/uploads\/2018\/08\/img-post48.jpg 800w, https:\/\/apoyosolidarioeg.com\/wp-content\/uploads\/2018\/08\/img-post48-242x182.jpg 242w, https:\/\/apoyosolidarioeg.com\/wp-content\/uploads\/2018\/08\/img-post48-660x495.jpg 660w, https:\/\/apoyosolidarioeg.com\/wp-content\/uploads\/2018\/08\/img-post48-300x225.jpg 300w, https:\/\/apoyosolidarioeg.com\/wp-content\/uploads\/2018\/08\/img-post48-768x576.jpg 768w\"  sizes=\"(max-width: 800px) 100vw, 800px\" \/><\/div>\n\t\t<\/figure>\n\t<\/div>\n\n\t<div class=\"wpb_text_column wpb_content_element\" >\n\t\t<div class=\"wpb_wrapper\">\n\t\t\t<p class=\"accent-color\" style=\"text-align: center;\"><strong>YOUNG<\/strong> LEADERS DEVELOPMENT<\/p>\n\n\t\t<\/div>\n\t<\/div>\n<\/div><\/div><\/div><\/div><div class=\"vc_row wpb_row vc_row-fluid\"><div class=\"wpb_column vc_column_container vc_col-sm-12\"><div class=\"vc_column-inner\"><div class=\"wpb_wrapper\"><div class=\"vc_empty_space\"   style=\"height: 32px\"><span class=\"vc_empty_space_inner\"><\/span><\/div><\/div><\/div><\/div><\/div><div data-vc-full-width=\"true\" data-vc-full-width-init=\"false\" class=\"vc_row wpb_row vc_row-fluid padding-tb45 vc_custom_1759241987732 vc_row-has-fill\"><div class=\"wpb_column vc_column_container vc_col-sm-8\"><div class=\"vc_column-inner\"><div class=\"wpb_wrapper\"><ul class=\"events-compact-list\"><li class=\"event-list-item\">\t\n                                    \t<span class=\"event-date\">\n                                        \t<span class=\"date\">25<\/span>\n                                            <span class=\"month\">Abr<\/span>\n                                            <span class=\"year\">2026<\/span>\n                                        <\/span>\n                                        <div class=\"event-list-cont\"><span class=\"meta-data\">s\u00e1bado 12:00 pm-6:00 pm<\/span><h4 class=\"post-title\"><a href=\"https:\/\/apoyosolidarioeg.com\/es\/event\/campaign-medical-checkup-camp\/?event_date=2026-04-25\">Campaign: Medical checkup camp<\/a><\/h4>Ut ut finibus tortor, eu ultrices turpis. Mauris vitae elit nec diam elementum elementum. Mauris ante quam, consequat ac nibh&hellip;<\/div>\n                                    <\/li><li class=\"event-list-item\">\t\n                                    \t<span class=\"event-date\">\n                                        \t<span class=\"date\">27<\/span>\n                                            <span class=\"month\">Abr<\/span>\n                                            <span class=\"year\">2026<\/span>\n                                        <\/span>\n                                        <div class=\"event-list-cont\"><span class=\"meta-data\">lunes 12:00 pm-4:00 pm<\/span><h4 class=\"post-title\"><a href=\"https:\/\/apoyosolidarioeg.com\/es\/event\/tips-rain-water-harvesting\/?event_date=2026-04-27\">Tips: Rain water harvesting<\/a><\/h4>Ut ut finibus tortor, eu ultrices turpis. Mauris vitae elit nec diam elementum elementum. Mauris ante quam, consequat ac nibh&hellip;<\/div>\n                                    <\/li><li class=\"event-list-item\">\t\n                                    \t<span class=\"event-date\">\n                                        \t<span class=\"date\">05<\/span>\n                                            <span class=\"month\">May<\/span>\n                                            <span class=\"year\">2026<\/span>\n                                        <\/span>\n                                        <div class=\"event-list-cont\"><span class=\"meta-data\">martes 8:00 am-11:00 am<\/span><h4 class=\"post-title\"><a href=\"https:\/\/apoyosolidarioeg.com\/es\/event\/campaign-green-environment\/?event_date=2026-05-05\">Campaign: Green Environment<\/a><\/h4>Ut ut finibus tortor, eu ultrices turpis. Mauris vitae elit nec diam elementum elementum. Mauris ante quam, consequat ac nibh&hellip;<\/div>\n                                    <\/li><\/ul><\/div><\/div><\/div><div class=\"wpb_column vc_column_container vc_col-sm-4\"><div class=\"vc_column-inner\"><div class=\"wpb_wrapper\"><div class=\"vc_empty_space\"   style=\"height: 32px\"><span class=\"vc_empty_space_inner\"><\/span><\/div>\n\t<div class=\"wpb_text_column wpb_content_element\" >\n\t\t<div class=\"wpb_wrapper\">\n\t\t\t<p><span style=\"font-size: 18pt; color: #ffffff;\"><strong>Today&#8217;s condition<\/strong><\/span><\/p>\n<p><span style=\"color: #ccffff;\"> Various versions have evolved over the years, sometimes by accident, sometimes on purpose (injected humour and the like).<\/span><\/p>\n\n\t\t<\/div>\n\t<\/div>\n\n<div class=\"vc_chart vc_round-chart wpb_content_element\" data-vc-legend=\"1\" data-vc-tooltips=\"1\" data-vc-animation=\"easeInOutCubic\" data-vc-stroke-color=\"#ffffff\" data-vc-stroke-width=\"2\" data-vc-type=\"pie\" data-vc-values=\"{&quot;labels&quot;:[&quot;Literacy&quot;,&quot;Health&quot;,&quot;Safety&quot;],&quot;datasets&quot;:[{&quot;data&quot;:[60,20,20],&quot;backgroundColor&quot;:[&quot;#f7be68&quot;,&quot;#75d69c&quot;,&quot;#b97ebb&quot;]}]}\" data-vc-legend-color=\"#2a2a2a\" data-vc-legend-position=\"left\">\n\t\n\t<div class=\"wpb_wrapper\">\n\t\t<canvas class=\"vc_round-chart-canvas\" width=\"1\" height=\"1\"><\/canvas>\n\t<\/div>\n<\/div>\n<\/div><\/div><\/div><\/div><div class=\"vc_row-full-width vc_clearfix\"><\/div><div class=\"vc_row wpb_row vc_row-fluid\"><div class=\"wpb_column vc_column_container vc_col-sm-12\"><div class=\"vc_column-inner\"><div class=\"wpb_wrapper\"><div class=\"vc_empty_space\"   style=\"height: 32px\"><span class=\"vc_empty_space_inner\"><\/span><\/div><\/div><\/div><\/div><\/div><div class=\"vc_row wpb_row vc_row-fluid\"><div class=\"wpb_column vc_column_container vc_col-sm-8\"><div class=\"vc_column-inner\"><div class=\"wpb_wrapper\"><h2 style=\"text-align: left\" class=\"vc_custom_heading vc_do_custom_heading\" >Latest News<\/h2><div class=\"content-block\"><div class=\"blog-list-item format-standard\">\n                        \t<div class=\"row\"><div class=\"col-md-12 col-sm-12\"><h3><a href=\"https:\/\/apoyosolidarioeg.com\/es\/2025\/06\/20\/hello-world\/\">Hello world!<\/a><\/h3><div class=\"meta-data grid-item-meta full-meta-data\"><i class=\"fa fa-calendar\"><\/i> junio 20, 2025<i class=\"fa fa-pencil\"><\/i> <a href=\"https:\/\/apoyosolidarioeg.com\/es\/author\/admin\/\">admin<\/a><i class=\"fa fa-folder\"><\/i> <a href=\"https:\/\/apoyosolidarioeg.com\/es\/category\/uncategorized\/\" class=\"category-links-custom\">Uncategorized<\/a><\/div><div class=\"grid-item-excerpt\"><p>Welcome to WordPress. This is your first post. Edit or delete it, then start writing!<a href=\"https:\/\/apoyosolidarioeg.com\/es\/2025\/06\/20\/hello-world\/\"><\/a><\/p><\/div>\n\t\t\t\t\t\t<a href=\"https:\/\/apoyosolidarioeg.com\/es\/2025\/06\/20\/hello-world\/\" class=\"basic-link\">Read more<\/a>\n\t\t\t\t\t<\/div>\n\t\t\t\t<\/div>\n\t\t\t<\/div><div class=\"blog-list-item format-standard\">\n                        \t<div class=\"row\"><div class=\"col-md-4 col-sm-4\">\n                       \t\t<a href=\"https:\/\/apoyosolidarioeg.com\/es\/2018\/07\/15\/how-to-survive-the-tough-path-of-life\/\" class=\"media-box grid-featured-img\">\n                           \t\t<img decoding=\"async\" src=\"https:\/\/apoyosolidarioeg.com\/wp-content\/uploads\/2018\/07\/img-post-600x400.jpg\" class=\"attachment-borntogive-600x400 size-borntogive-600x400 wp-post-image\" alt=\"\" \/>\n                            <\/a>\n                      \t<\/div>\n\t\t\t\t\t\t<div class=\"col-md-8 col-sm-8\"><h3><a href=\"https:\/\/apoyosolidarioeg.com\/es\/2018\/07\/15\/how-to-survive-the-tough-path-of-life\/\">How to survive the tough path of life<\/a><\/h3><div class=\"meta-data grid-item-meta full-meta-data\"><i class=\"fa fa-calendar\"><\/i> julio 15, 2018<i class=\"fa fa-pencil\"><\/i> <a href=\"https:\/\/apoyosolidarioeg.com\/es\/author\/admin\/\">admin<\/a><i class=\"fa fa-folder\"><\/i> <a href=\"https:\/\/apoyosolidarioeg.com\/es\/category\/life\/\" class=\"category-links-custom\">Life<\/a><a href=\"https:\/\/apoyosolidarioeg.com\/es\/category\/uncategorized\/\" class=\"category-links-custom\">Uncategorized<\/a><\/div><div class=\"grid-item-excerpt\"><p>Vestibulum quam nisi, pretium a nibh sit amet, consectetur hendrerit mi. Aenean imperdiet lacus sit amet elit porta, et malesuada erat bibendum.<a href=\"https:\/\/apoyosolidarioeg.com\/es\/2018\/07\/15\/how-to-survive-the-tough-path-of-life\/\"><\/a><\/p><\/div>\n\t\t\t\t\t\t<a href=\"https:\/\/apoyosolidarioeg.com\/es\/2018\/07\/15\/how-to-survive-the-tough-path-of-life\/\" class=\"basic-link\">Read more<\/a>\n\t\t\t\t\t<\/div>\n\t\t\t\t<\/div>\n\t\t\t<\/div><\/div><\/div><\/div><\/div><div class=\"wpb_column vc_column_container vc_col-sm-4\"><div class=\"vc_column-inner\"><div class=\"wpb_wrapper\"><a href=\"http:\/\/wp2.imithemes.com\/born-to-give\/careers-with-us\/\"  class=\"featured-link\" style=\"background:#c1c923; color:#ffffff;\">\n        \t<span>Join the revolution today!<\/span>\n        \t<strong>Join as Volunteer<\/strong><\/a><div class=\"vc_empty_space\"   style=\"height: 42px\"><span class=\"vc_empty_space_inner\"><\/span><\/div><div class=\"row\">\n                    <ul class=\"sort-destination isotope gallery-items\" data-sort-id=\"gallery\"><li class=\"col-md-12 col-sm-6 grid-item event-grid-item  term-30 term-33 format-standard\">\n                        \t<div class=\"grid-item-inner\"><a href=\"https:\/\/apoyosolidarioeg.com\/es\/event\/campaign-medical-checkup-camp\/?event_date=2026-04-25\" class=\"media-box\"><img decoding=\"async\" src=\"https:\/\/apoyosolidarioeg.com\/wp-content\/uploads\/2018\/03\/img-post16-600x400.jpg\" class=\"attachment-borntogive-600x400 size-borntogive-600x400 wp-post-image\" alt=\"\" \/><\/a><div class=\"grid-item-content\">\n                                    \t<span class=\"event-date\">\n                                        \t<span class=\"date\">25<\/span>\n                                            <span class=\"month\">Abr<\/span>\n                                            <span class=\"year\">2026<\/span>\n                                        <\/span><span class=\"meta-data\">s\u00e1bado 12:00 pm-6:00 pm<\/span><h3 class=\"post-title\"><a href=\"https:\/\/apoyosolidarioeg.com\/es\/event\/campaign-medical-checkup-camp\/?event_date=2026-04-25\">Campaign: Medical checkup camp<\/a><\/h3><ul class=\"list-group\"><li class=\"list-group-item\">Houston, TX 77042, USA<span class=\"badge\">Location<\/span><\/li><\/ul><\/div>\n                           \t<\/div>\n                        <\/li><\/ul><\/div><\/div><\/div><\/div><\/div>\n<\/div>","protected":false},"excerpt":{"rendered":"Ut ut finibus tortor, eu ultrices turpis. Mauris vitae elit nec diam elementum elementum. Mauris ante quam, consequat ac nibh placerat, lacinia sollicitudin mi. Duis facilisis nibh quam, sit amet interdum tellus sollicitudin tempor. Curabitur aliquam erat in nisl lobortis, ut pellentesque lectus viverra. Vestibulum quam nisi, pretium a nibh sit amet, consectetur hendrerit mi. Aenean imperdiet lacus sit amet elit porta, et malesuada erat bibendum. Cras sed nunc massa. Quisque tempor dolor sit amet tellus malesuada, malesuada iaculis eros dignissim. Aenean vitae diam id lacus fringilla maximus. Mauris auctor efficitur nisl, non blandit urna fermentum nec. Lorem ipsum dolor sit amet, consectetur adipiscing elit. Pellentesque massa ipsum, efficitur a fermen tum sed, suscipit sit amet arcu. Ut ut finibus tortor, eu ultrices turpis. Mauris vitae elit nec diam elementum elementum. Mauris ante quam, consequat ac nibh placerat, lacinia sollicitudin mi. Duis facilisis nibh quam, sit amet interdum tellus sollicitudin tempor. Curabitur aliquam erat in nisl lobortis, ut pellentesque lectus viverra. Lorem ipsum dolor sit amet, consectetur adipiscing elit. Pellentesque massa ipsum, efficitur a fermen tum sed, suscipit sit amet arcu. Ut ut finibus tortor, eu ultrices turpis. Mauris vitae elit nec diam elementum elementum. Mauris ante quam, consequat ac nibh placerat, lacinia sollicitudin mi. Duis facilisis nibh quam, sit amet interdum tellus sollicitudin tempor. Curabitur aliquam erat in nisl lobortis, ut pellentesque lectus viverra. Aenean sodales aliquet arcu at aliquam. Vestibulum quam nisi, pretium a nibh sit amet, consectetur hendrerit mi. Aenean imperdiet lacus sit amet elit porta, et malesuada erat bibendum. Cras sed nunc massa. Quisque tempor dolor sit amet tellus malesuada, malesuada iaculis eros dignissim. Aenean vitae diam id lacus fringilla maximus. Mauris auctor efficitur nisl, non blandit urna fermentum nec.","protected":false},"author":1,"featured_media":0,"parent":0,"menu_order":0,"comment_status":"closed","ping_status":"closed","template":"","meta":{"footnotes":""},"class_list":["post-1127","page","type-page","status-publish","hentry"],"wpcf_dashboard":"<div class=\"woocommerce\"><div class=\"woocommerce-info\">Por favor, \u00bfaccedes primero? <a class=\"wpneoShowLogin\" href=\"#\">Haz clic aqu\u00ed para acceder<\/a><\/div><div class=\"wpneo_login_form_div\" style=\"display: none;\"><form name=\"loginform\" id=\"loginform\" action=\"https:\/\/apoyosolidarioeg.com\/wp-login.php\" method=\"post\"><p class=\"login-username\">\n\t\t\t\t<label for=\"user_login\">Nombre de usuario o correo electr\u00f3nico<\/label>\n\t\t\t\t<input type=\"text\" name=\"log\" id=\"user_login\" autocomplete=\"username\" class=\"input\" value=\"\" size=\"20\" \/>\n\t\t\t<\/p><p class=\"login-password\">\n\t\t\t\t<label for=\"user_pass\">Contrase\u00f1a<\/label>\n\t\t\t\t<input type=\"password\" name=\"pwd\" id=\"user_pass\" autocomplete=\"current-password\" spellcheck=\"false\" class=\"input\" value=\"\" size=\"20\" \/>\n\t\t\t<\/p><p class=\"login-remember\"><label><input name=\"rememberme\" type=\"checkbox\" id=\"rememberme\" value=\"forever\" \/> Recu\u00e9rdame<\/label><\/p><p class=\"login-submit\">\n\t\t\t\t<input type=\"submit\" name=\"wp-submit\" id=\"wp-submit\" class=\"button button-primary\" value=\"Acceder\" \/>\n\t\t\t\t<input type=\"hidden\" name=\"redirect_to\" value=\"https:\/\/apoyosolidarioeg.com\/es\/wp-json\/wp\/v2\/pages\/1127\" \/>\n\t\t\t<\/p><\/form><\/div><\/div>","_links":{"self":[{"href":"https:\/\/apoyosolidarioeg.com\/es\/wp-json\/wp\/v2\/pages\/1127","targetHints":{"allow":["GET"]}}],"collection":[{"href":"https:\/\/apoyosolidarioeg.com\/es\/wp-json\/wp\/v2\/pages"}],"about":[{"href":"https:\/\/apoyosolidarioeg.com\/es\/wp-json\/wp\/v2\/types\/page"}],"author":[{"embeddable":true,"href":"https:\/\/apoyosolidarioeg.com\/es\/wp-json\/wp\/v2\/users\/1"}],"replies":[{"embeddable":true,"href":"https:\/\/apoyosolidarioeg.com\/es\/wp-json\/wp\/v2\/comments?post=1127"}],"version-history":[{"count":11,"href":"https:\/\/apoyosolidarioeg.com\/es\/wp-json\/wp\/v2\/pages\/1127\/revisions"}],"predecessor-version":[{"id":1537,"href":"https:\/\/apoyosolidarioeg.com\/es\/wp-json\/wp\/v2\/pages\/1127\/revisions\/1537"}],"wp:attachment":[{"href":"https:\/\/apoyosolidarioeg.com\/es\/wp-json\/wp\/v2\/media?parent=1127"}],"curies":[{"name":"wp","href":"https:\/\/api.w.org\/{rel}","templated":true}]}}